{"id":222652,"date":"2022-06-01T13:27:35","date_gmt":"2022-06-01T11:27:35","guid":{"rendered":"https:\/\/www.ngllegal.com\/marek-grzywacz\/"},"modified":"2024-03-21T17:27:48","modified_gmt":"2024-03-21T16:27:48","slug":"marek-grzywacz","status":"publish","type":"page","link":"https:\/\/www.ngllegal.com\/pl\/marek-grzywacz\/","title":{"rendered":"Marek Grzywacz"},"content":{"rendered":"<p>[et_pb_section fb_built=&#8221;1&#8243; admin_label=&#8221;Hero Section&#8221; _builder_version=&#8221;4.16&#8243; custom_padding=&#8221;0|0px|0px|0px&#8221; global_colors_info=&#8221;{}&#8221;][et_pb_row column_structure=&#8221;1_2,1_2&#8243; use_custom_gutter=&#8221;on&#8221; make_equal=&#8221;on&#8221; _builder_version=&#8221;4.16&#8243; width=&#8221;100%&#8221; max_width=&#8221;100%&#8221; custom_padding=&#8221;0px|0|0px|&#8221; animation_style=&#8221;slide&#8221; animation_direction=&#8221;left&#8221; use_custom_width=&#8221;on&#8221; width_unit=&#8221;off&#8221; custom_width_percent=&#8221;100%&#8221; global_colors_info=&#8221;{}&#8221;][et_pb_column type=&#8221;1_2&#8243; _builder_version=&#8221;4.16&#8243; custom_padding=&#8221;200px|4%|200px|8%&#8221; custom_padding_tablet=&#8221;60px|10%|60px|10%&#8221; custom_padding_phone=&#8221;60px|10%|60px|10%&#8221; custom_padding_last_edited=&#8221;on|tablet&#8221; global_colors_info=&#8221;{}&#8221; padding_tablet=&#8221;60px|10%|60px|10%&#8221; padding_last_edited=&#8221;on|tablet&#8221; custom_padding__hover=&#8221;|||&#8221; padding_phone=&#8221;60px|10%|60px|10%&#8221;][et_pb_text admin_label=&#8221;Our people label&#8221; _builder_version=&#8221;4.16&#8243; header_text_align=&#8221;center&#8221; header_3_font=&#8221;|700||on|||||&#8221; header_3_text_color=&#8221;#c2ab92&#8243; header_3_font_size=&#8221;16px&#8221; header_3_letter_spacing=&#8221;1px&#8221; vertical_offset_tablet=&#8221;0&#8243; horizontal_offset_tablet=&#8221;0&#8243; text_orientation=&#8221;center&#8221; background_layout=&#8221;dark&#8221; module_alignment=&#8221;right&#8221; custom_margin=&#8221;40px||20px|&#8221; z_index_tablet=&#8221;0&#8243; text_text_shadow_horizontal_length_tablet=&#8221;0px&#8221; text_text_shadow_vertical_length_tablet=&#8221;0px&#8221; text_text_shadow_blur_strength_tablet=&#8221;1px&#8221; link_text_shadow_horizontal_length_tablet=&#8221;0px&#8221; link_text_shadow_vertical_length_tablet=&#8221;0px&#8221; link_text_shadow_blur_strength_tablet=&#8221;1px&#8221; ul_text_shadow_horizontal_length_tablet=&#8221;0px&#8221; ul_text_shadow_vertical_length_tablet=&#8221;0px&#8221; ul_text_shadow_blur_strength_tablet=&#8221;1px&#8221; ol_text_shadow_horizontal_length_tablet=&#8221;0px&#8221; ol_text_shadow_vertical_length_tablet=&#8221;0px&#8221; ol_text_shadow_blur_strength_tablet=&#8221;1px&#8221; quote_text_shadow_horizontal_length_tablet=&#8221;0px&#8221; quote_text_shadow_vertical_length_tablet=&#8221;0px&#8221; quote_text_shadow_blur_strength_tablet=&#8221;1px&#8221; header_text_shadow_horizontal_length_tablet=&#8221;0px&#8221; header_text_shadow_vertical_length_tablet=&#8221;0px&#8221; header_text_shadow_blur_strength_tablet=&#8221;1px&#8221; header_2_text_shadow_horizontal_length_tablet=&#8221;0px&#8221; header_2_text_shadow_vertical_length_tablet=&#8221;0px&#8221; header_2_text_shadow_blur_strength_tablet=&#8221;1px&#8221; header_3_text_shadow_horizontal_length_tablet=&#8221;0px&#8221; header_3_text_shadow_vertical_length_tablet=&#8221;0px&#8221; header_3_text_shadow_blur_strength_tablet=&#8221;1px&#8221; header_4_text_shadow_horizontal_length_tablet=&#8221;0px&#8221; header_4_text_shadow_vertical_length_tablet=&#8221;0px&#8221; header_4_text_shadow_blur_strength_tablet=&#8221;1px&#8221; header_5_text_shadow_horizontal_length_tablet=&#8221;0px&#8221; header_5_text_shadow_vertical_length_tablet=&#8221;0px&#8221; header_5_text_shadow_blur_strength_tablet=&#8221;1px&#8221; header_6_text_shadow_horizontal_length_tablet=&#8221;0px&#8221; header_6_text_shadow_vertical_length_tablet=&#8221;0px&#8221; header_6_text_shadow_blur_strength_tablet=&#8221;1px&#8221; box_shadow_horizontal_tablet=&#8221;0px&#8221; box_shadow_vertical_tablet=&#8221;0px&#8221; box_shadow_blur_tablet=&#8221;40px&#8221; box_shadow_spread_tablet=&#8221;0px&#8221; global_colors_info=&#8221;{}&#8221;]<\/p>\n<h3 style=\"text-align: left;\"><span style=\"color: #95b4bd;\">Nasz zesp\u00f3\u0142<\/span><\/h3>\n<p>[\/et_pb_text][et_pb_text admin_label=&#8221;Name\/position&#8221; _builder_version=&#8221;4.24.0&#8243; text_font=&#8221;||||||||&#8221; text_text_color=&#8221;#000000&#8243; header_font=&#8221;||||||||&#8221; header_3_font=&#8221;Karla|700||on|||||&#8221; header_3_text_color=&#8221;#c2ab92&#8243; header_3_font_size=&#8221;16px&#8221; header_3_letter_spacing=&#8221;1px&#8221; max_width=&#8221;600px&#8221; module_alignment=&#8221;left&#8221; custom_margin=&#8221;||20px|&#8221; hover_enabled=&#8221;0&#8243; locked=&#8221;off&#8221; global_colors_info=&#8221;{}&#8221; sticky_enabled=&#8221;0&#8243;]<\/p>\n<h2>Dr Marek Grzywacz<\/h2>\n<h4>PARTNER, RADCA PRAWNY<\/h4>\n<p>[\/et_pb_text][et_pb_text admin_label=&#8221;bio copy &#8221; _builder_version=&#8221;4.21.2&#8243; text_font=&#8221;Karla||||||||&#8221; text_font_size=&#8221;18px&#8221; text_line_height=&#8221;1.8em&#8221; header_font=&#8221;Cormorant Garamond||||||||&#8221; header_font_size=&#8221;56px&#8221; header_line_height=&#8221;1.4em&#8221; header_2_font=&#8221;||||||||&#8221; header_3_font=&#8221;||||||||&#8221; max_width=&#8221;600px&#8221; header_font_size_tablet=&#8221;40px&#8221; header_font_size_phone=&#8221;&#8221; header_font_size_last_edited=&#8221;on|tablet&#8221; locked=&#8221;off&#8221; global_colors_info=&#8221;{}&#8221;]<\/p>\n<p>Marek specjalizuje si\u0119 w prawie energetycznym, bezpiecze\u0144stwie energetycznym i surowcowym oraz w post\u0119powaniach administracyjnych. Doradza klientom w zakresie aspekt\u00f3w regulacyjnych funkcjonowania sektora gazu ziemnego, energii elektrycznej, energii cieplnej oraz energii odnawialnej w Polsce.<\/p>\n<p>Wspiera r\u00f3wnie\u017c przemys\u0142 energoch\u0142onny oraz procesy transformacji energetycznej krajowych przedsi\u0119biorstw w ramach stopniowego odchodzenia od stosowania paliw kopalnych, w kierunku energetyki odnawialnej. Jest osob\u0105 zorientowan\u0105 na cel i d\u0105\u017c\u0105c\u0105 do wypracowania optymalnego rozwi\u0105zania dla klienta, z uwzgl\u0119dnieniem jego plan\u00f3w, strategii biznesowej, a tak\u017ce uwarunkowa\u0144 technicznych czy mo\u017cliwo\u015bci inwestycyjnych i rynkowych. <\/p>\n<p>Marek doradza klientom w ramach prowadzonych post\u0119powa\u0144 inwestycyjnych, a tak\u017ce w post\u0119powaniach koncesyjnych i innych post\u0119powaniach administracyjnych prowadzonych przez Prezesa Urz\u0119du Regulacji Energetyki, Prezesa Rz\u0105dowej Agencji Rezerw Strategicznych oraz przez inne organy administracji rz\u0105dowej i samorz\u0105dowej.<\/p>\n<p>Jest autorem i wsp\u00f3\u0142autorem oko\u0142o 30 publikacji naukowych, komentarzy i podr\u0119cznik\u00f3w akademickich z zakresu prawa administracyjnego, prawa energetycznego, post\u0119powania administracyjnego i s\u0105dowoadministracyjnego.<\/p>\n<p>[\/et_pb_text][et_pb_text admin_label=&#8221;Specialisation&#8221; _builder_version=&#8221;4.21.2&#8243; text_font=&#8221;Karla||||||||&#8221; text_font_size=&#8221;18px&#8221; text_line_height=&#8221;1.8em&#8221; header_font=&#8221;Cormorant Garamond||||||||&#8221; header_font_size=&#8221;56px&#8221; header_line_height=&#8221;1.4em&#8221; header_2_font=&#8221;||||||||&#8221; header_3_font=&#8221;||||||||&#8221; max_width=&#8221;600px&#8221; header_font_size_tablet=&#8221;40px&#8221; header_font_size_phone=&#8221;&#8221; header_font_size_last_edited=&#8221;on|tablet&#8221; locked=&#8221;off&#8221; global_colors_info=&#8221;{}&#8221;]<\/p>\n<h4><strong>SPECJALIZACJE:<\/strong><\/h4>\n<p>Energia elektryczna, ropa, gaz, ciep\u0142o, odnawialne \u017ar\u00f3d\u0142a energii<br \/>Transformacja energetyczna <br \/>Post\u0119powania administracyjne<\/p>\n<p>[\/et_pb_text][et_pb_button button_url=&#8221;https:\/\/www.ngllegal.com\/pl\/zespol\/&#8221; button_text=&#8221;POWR\u00d3T&#8221; admin_label=&#8221;Back People button EN&#8221; _builder_version=&#8221;4.17.4&#8243; _module_preset=&#8221;default&#8221; custom_button=&#8221;on&#8221; button_text_size=&#8221;14px&#8221; button_text_color=&#8221;#EB2E3B&#8221; button_bg_color=&#8221;RGBA(255,255,255,0)&#8221; button_icon=&#8221;&#x23;||divi||400&#8243; button_icon_color=&#8221;#EB2E3B&#8221; global_colors_info=&#8221;{}&#8221;][\/et_pb_button][\/et_pb_column][et_pb_column type=&#8221;1_2&#8243; _builder_version=&#8221;4.16&#8243; use_background_color_gradient=&#8221;on&#8221; background_color_gradient_stops=&#8221;rgba(18,18,18,0.5) 0%|#0a0a0a 32%&#8221; background_color_gradient_overlays_image=&#8221;on&#8221; background_color_gradient_start=&#8221;rgba(18,18,18,0.5)&#8221; background_color_gradient_end=&#8221;#0a0a0a&#8221; background_color_gradient_end_position=&#8221;32%&#8221; background_enable_image=&#8221;off&#8221; custom_padding=&#8221;100px||100px|&#8221; custom_padding_tablet=&#8221;60px||60px|&#8221; custom_padding_phone=&#8221;60px||60px|&#8221; custom_padding_last_edited=&#8221;on|desktop&#8221; global_colors_info=&#8221;{}&#8221; padding_tablet=&#8221;60px||60px|&#8221; padding_last_edited=&#8221;on|desktop&#8221; custom_padding__hover=&#8221;|||&#8221; padding_phone=&#8221;60px||60px|&#8221;][et_pb_image src=&#8221;https:\/\/www.ngllegal.com\/wp-content\/uploads\/Marek-Grzywacz-large-1.png&#8221; title_text=&#8221;Marek Grzywacz large&#8221; align_tablet=&#8221;center&#8221; align_phone=&#8221;center&#8221; align_last_edited=&#8221;on|desktop&#8221; _builder_version=&#8221;4.17.4&#8243; max_width=&#8221;600px&#8221; max_width_tablet=&#8221;&#8221; max_width_phone=&#8221;&#8221; max_width_last_edited=&#8221;on|desktop&#8221; custom_margin=&#8221;|||-8%&#8221; custom_margin_tablet=&#8221;60px|60px|60px|60px&#8221; custom_margin_phone=&#8221;&#8221; custom_margin_last_edited=&#8221;on|desktop&#8221; custom_padding=&#8221;|||&#8221; animation_style=&#8221;slide&#8221; animation_direction=&#8221;left&#8221; animation_duration=&#8221;1800ms&#8221; animation_delay=&#8221;550ms&#8221; animation_starting_opacity=&#8221;64%&#8221; animation_speed_curve=&#8221;ease&#8221; box_shadow_style=&#8221;preset3&#8243; box_shadow_blur=&#8221;80px&#8221; global_colors_info=&#8221;{}&#8221;][\/et_pb_image][et_pb_text admin_label=&#8221;Mobile\/Email&#8221; _builder_version=&#8221;4.17.4&#8243; _module_preset=&#8221;default&#8221; background_layout=&#8221;dark&#8221; custom_margin=&#8221;|||45px|false|false&#8221; global_colors_info=&#8221;{}&#8221;]<\/p>\n<p><strong>M: + 48 602 730 613\u200b<br \/>E: <a href=\"mailto:marek.grzywacz@ngllegal.com\" target=\"_blank\" rel=\"noopener\">marek.grzywacz@ngllegal.com<\/a><br \/><\/strong><\/p>\n<p>[\/et_pb_text][et_pb_social_media_follow icon_color=&#8221;#252D38&#8243; _builder_version=&#8221;4.17.4&#8243; _module_preset=&#8221;default&#8221; background_color=&#8221;RGBA(255,255,255,0)&#8221; custom_margin=&#8221;|||45px|false|false&#8221; global_colors_info=&#8221;{}&#8221;][et_pb_social_media_follow_network social_network=&#8221;linkedin&#8221; url=&#8221;https:\/\/www.linkedin.com\/in\/grzywaczmarek\/&#8221; _builder_version=&#8221;4.17.4&#8243; _module_preset=&#8221;default&#8221; background_color=&#8221;#FFFFFF&#8221; background_enable_color=&#8221;on&#8221; global_colors_info=&#8221;{}&#8221; follow_button=&#8221;off&#8221; url_new_window=&#8221;on&#8221;]linkedin[\/et_pb_social_media_follow_network][\/et_pb_social_media_follow][\/et_pb_column][\/et_pb_row][\/et_pb_section][et_pb_section fb_built=&#8221;1&#8243; admin_label=&#8221;Welcome &#038; About Us&#8221; _builder_version=&#8221;4.16&#8243; background_color=&#8221;#121212&#8243; use_background_color_gradient=&#8221;on&#8221; background_color_gradient_stops=&#8221;#000000 20%|rgba(18,18,18,0.6) 100%&#8221; background_color_gradient_overlays_image=&#8221;on&#8221; background_color_gradient_start=&#8221;#000000&#8243; background_color_gradient_start_position=&#8221;20%&#8221; background_color_gradient_end=&#8221;rgba(18,18,18,0.6)&#8221; background_image=&#8221;https:\/\/www.ngllegal.com\/wp-content\/uploads\/2019\/01\/architecture_image_21.jpg&#8221; custom_padding=&#8221;8%|0px|20%|0px&#8221; global_colors_info=&#8221;{}&#8221;][et_pb_row _builder_version=&#8221;4.16&#8243; custom_margin=&#8221;|||&#8221; custom_padding=&#8221;||60px|&#8221; animation_style=&#8221;fade&#8221; global_colors_info=&#8221;{}&#8221;][et_pb_column type=&#8221;4_4&#8243; _builder_version=&#8221;4.16&#8243; custom_padding=&#8221;|||&#8221; global_colors_info=&#8221;{}&#8221; custom_padding__hover=&#8221;|||&#8221;][\/et_pb_column][\/et_pb_row][\/et_pb_section]<\/p>\n","protected":false},"excerpt":{"rendered":"<p>Nasz zesp\u00f3\u0142Dr Marek Grzywacz PARTNER, RADCA PRAWNYMarek specjalizuje si\u0119 w prawie energetycznym, bezpiecze\u0144stwie energetycznym i surowcowym oraz w post\u0119powaniach administracyjnych. Doradza klientom w zakresie aspekt\u00f3w regulacyjnych funkcjonowania sektora gazu ziemnego, energii elektrycznej, energii cieplnej oraz energii odnawialnej w Polsce. Wspiera r\u00f3wnie\u017c przemys\u0142 energoch\u0142onny oraz procesy transformacji energetycznej krajowych przedsi\u0119biorstw w ramach stopniowego odchodzenia od stosowania [&hellip;]<\/p>\n","protected":false},"author":3,"featured_media":0,"parent":0,"menu_order":0,"comment_status":"closed","ping_status":"closed","template":"","meta":{"_et_pb_use_builder":"on","_et_pb_old_content":"","_et_gb_content_width":"","inline_featured_image":false,"footnotes":""},"class_list":["post-222652","page","type-page","status-publish","hentry"],"aioseo_notices":[],"jetpack_sharing_enabled":true,"_links":{"self":[{"href":"https:\/\/www.ngllegal.com\/pl\/wp-json\/wp\/v2\/pages\/222652","targetHints":{"allow":["GET"]}}],"collection":[{"href":"https:\/\/www.ngllegal.com\/pl\/wp-json\/wp\/v2\/pages"}],"about":[{"href":"https:\/\/www.ngllegal.com\/pl\/wp-json\/wp\/v2\/types\/page"}],"author":[{"embeddable":true,"href":"https:\/\/www.ngllegal.com\/pl\/wp-json\/wp\/v2\/users\/3"}],"replies":[{"embeddable":true,"href":"https:\/\/www.ngllegal.com\/pl\/wp-json\/wp\/v2\/comments?post=222652"}],"version-history":[{"count":7,"href":"https:\/\/www.ngllegal.com\/pl\/wp-json\/wp\/v2\/pages\/222652\/revisions"}],"predecessor-version":[{"id":239125,"href":"https:\/\/www.ngllegal.com\/pl\/wp-json\/wp\/v2\/pages\/222652\/revisions\/239125"}],"wp:attachment":[{"href":"https:\/\/www.ngllegal.com\/pl\/wp-json\/wp\/v2\/media?parent=222652"}],"curies":[{"name":"wp","href":"https:\/\/api.w.org\/{rel}","templated":true}]}}